{"id":14739,"date":"2018-04-17T14:17:06","date_gmt":"2018-04-17T14:17:06","guid":{"rendered":"http:\/\/www.neslihanstamboli.com\/?page_id=14739"},"modified":"2022-06-12T23:48:46","modified_gmt":"2022-06-12T23:48:46","slug":"ne-okuyorum","status":"publish","type":"page","link":"https:\/\/www.neslihanstamboli.com\/index.php\/ne-okuyorum\/","title":{"rendered":"NE OKUYORUM ?"},"content":{"rendered":"<div id=\"cmsmasters_row_etei6rcqnh\" class=\"cmsmasters_row cmsmasters_color_scheme_default cmsmasters_row_top_default cmsmasters_row_bot_default cmsmasters_row_boxed\">\n<div class=\"cmsmasters_row_outer_parent\">\n<div class=\"cmsmasters_row_outer\">\n<div class=\"cmsmasters_row_inner\">\n<div class=\"cmsmasters_row_margin\">\n<div id=\"cmsmasters_column_m6qf5zss9\" class=\"cmsmasters_column one_first\">\n<div class=\"cmsmasters_column_inner\"><div id=\"blog_puekp5ds2\" class=\"cmsmasters_wrap_blog entry-summary\" data-layout=\"side\" data-layout-mode=\"\" data-url=\"https:\/\/www.neslihanstamboli.com\/wp-content\/plugins\/cmsmasters-content-composer\/\" data-orderby=\"date\" data-order=\"DESC\" data-count=\"15\" data-categories=\"ne-okuyorum\" data-metadata=\"\" data-pagination=\"disabled\"><div class=\"blog side\"><!-- Start Post Side Article -->\r\n<article id=\"post-13095\" class=\"cmsmasters_post_default cmsmasters_side_type post-13095 post type-post status-publish format-image has-post-thumbnail hentry category-ne-okuyorum post_format-post-format-image\">\r\n\t<div class=\"cmsmasters_post_image_wrapper\"><figure class=\"cmsmasters_img_wrap\"><a href=\"https:\/\/www.neslihanstamboli.com\/wp-content\/uploads\/2017\/09\/IMG_0018-e1653902810442.jpg\" title=\"Hi\u00e7 \u00e7aba harcamadan yazm\u0131\u015f gibi g\u00f6r\u00fcnen yazarlar\u0131 seviyorum\" rel=\"ilightbox[img_13095_69ff30160b18b]\" class=\"cmsmasters_img_link\"><img width=\"860\" height=\"883\" src=\"https:\/\/www.neslihanstamboli.com\/wp-content\/uploads\/2017\/09\/IMG_0018-e1653902810442-860x883.jpg\" class=\"\" alt=\"Hi\u00e7 \u00e7aba harcamadan yazm\u0131\u015f gibi g\u00f6r\u00fcnen yazarlar\u0131 seviyorum\" loading=\"lazy\" title=\"IMG_0018\" srcset=\"https:\/\/www.neslihanstamboli.com\/wp-content\/uploads\/2017\/09\/IMG_0018-e1653902810442-860x883.jpg 860w, https:\/\/www.neslihanstamboli.com\/wp-content\/uploads\/2017\/09\/IMG_0018-e1653902810442-292x300.jpg 292w, https:\/\/www.neslihanstamboli.com\/wp-content\/uploads\/2017\/09\/IMG_0018-e1653902810442-998x1024.jpg 998w, https:\/\/www.neslihanstamboli.com\/wp-content\/uploads\/2017\/09\/IMG_0018-e1653902810442-768x788.jpg 768w, https:\/\/www.neslihanstamboli.com\/wp-content\/uploads\/2017\/09\/IMG_0018-e1653902810442-580x595.jpg 580w, https:\/\/www.neslihanstamboli.com\/wp-content\/uploads\/2017\/09\/IMG_0018-e1653902810442-1160x1190.jpg 1160w, https:\/\/www.neslihanstamboli.com\/wp-content\/uploads\/2017\/09\/IMG_0018-e1653902810442-1320x1355.jpg 1320w, https:\/\/www.neslihanstamboli.com\/wp-content\/uploads\/2017\/09\/IMG_0018-e1653902810442.jpg 1447w\" sizes=\"(max-width: 860px) 100vw, 860px\" \/><\/a><\/figure><\/div><div class=\"cmsmasters_post_inner\"><header class=\"cmsmasters_post_header entry-header\"><h3 class=\"cmsmasters_post_title entry-title\"><a href=\"https:\/\/www.neslihanstamboli.com\/index.php\/2017\/09\/24\/hic-caba-harcamadan-yazmis-gibi\/\" class=\"\">Hi\u00e7 \u00e7aba harcamadan yazm\u0131\u015f gibi g\u00f6r\u00fcnen yazarlar\u0131 seviyorum<\/a><\/h3><\/header>\t\t<div class=\"cmsmasters_post_cont\">\r\n\t\t\t<div class=\"cmsmasters_post_content entry-content\">\n<p>Bir edebiyat\u00e7\u0131 olarak, \u201c\u015fu yazarlar\u0131 be\u011feniyorum, \u015fu yazarlar\u0131 be\u011fenmiyorum,\u201d demek anlams\u0131z geliyor.<\/p>\n<\/div>\n\t\t<\/div>\r\n\t<\/div>\r\n<\/article>\r\n<!-- Finish Post Side Article -->\r\n\r\n<!-- Start Post Side Article -->\r\n<article id=\"post-14269\" class=\"cmsmasters_post_default cmsmasters_side_type post-14269 post type-post status-publish format-image has-post-thumbnail hentry category-ne-okuyorum post_format-post-format-image\">\r\n\t<div class=\"cmsmasters_post_image_wrapper\"><figure class=\"cmsmasters_img_wrap\"><a href=\"https:\/\/www.neslihanstamboli.com\/wp-content\/uploads\/2017\/09\/DhfN4B_XkAIxWxZ.jpg\" title=\"Ezilenler, Fyodor Dostoyevski\" rel=\"ilightbox[img_14269_69ff30160bf4f]\" class=\"cmsmasters_img_link\"><img width=\"860\" height=\"484\" src=\"https:\/\/www.neslihanstamboli.com\/wp-content\/uploads\/2017\/09\/DhfN4B_XkAIxWxZ-860x484.jpg\" class=\"\" alt=\"Ezilenler, Fyodor Dostoyevski\" loading=\"lazy\" title=\"DhfN4B_XkAIxWxZ\" srcset=\"https:\/\/www.neslihanstamboli.com\/wp-content\/uploads\/2017\/09\/DhfN4B_XkAIxWxZ-860x484.jpg 860w, https:\/\/www.neslihanstamboli.com\/wp-content\/uploads\/2017\/09\/DhfN4B_XkAIxWxZ-300x169.jpg 300w, https:\/\/www.neslihanstamboli.com\/wp-content\/uploads\/2017\/09\/DhfN4B_XkAIxWxZ-1024x576.jpg 1024w, https:\/\/www.neslihanstamboli.com\/wp-content\/uploads\/2017\/09\/DhfN4B_XkAIxWxZ-768x432.jpg 768w, https:\/\/www.neslihanstamboli.com\/wp-content\/uploads\/2017\/09\/DhfN4B_XkAIxWxZ-580x326.jpg 580w, https:\/\/www.neslihanstamboli.com\/wp-content\/uploads\/2017\/09\/DhfN4B_XkAIxWxZ-600x338.jpg 600w, https:\/\/www.neslihanstamboli.com\/wp-content\/uploads\/2017\/09\/DhfN4B_XkAIxWxZ.jpg 1056w\" sizes=\"(max-width: 860px) 100vw, 860px\" \/><\/a><\/figure><\/div><div class=\"cmsmasters_post_inner\"><header class=\"cmsmasters_post_header entry-header\"><h3 class=\"cmsmasters_post_title entry-title\"><a href=\"https:\/\/www.neslihanstamboli.com\/index.php\/2017\/09\/24\/ezilenler-fyodor-dostoyevski\/\" class=\"\">Ezilenler, Fyodor Dostoyevski<\/a><\/h3><\/header>\t\t<div class=\"cmsmasters_post_cont\">\r\n\t\t\t<div class=\"cmsmasters_post_content entry-content\">\n<p>Son bir bu\u00e7uk y\u0131ld\u0131r kadim dostum Fyodor Dostoyevski\u2019yle i\u00e7ti\u011fim su ayr\u0131 gitmiyor. Tan\u0131\u015f\u0131kl\u0131\u011f\u0131m\u0131z elbette \u00e7ok eskilere dayan\u0131yor, ancak eserlerinin tamam\u0131n\u0131 yeniden, bu kez kronolojik s\u0131rayla okumaya \u2013 okumaktan ziyade didik didik etmeye \u2013 karar verdim bir s\u00fcre \u00f6nce.<\/p>\n<\/div>\n\t\t<\/div>\r\n\t<\/div>\r\n<\/article>\r\n<!-- Finish Post Side Article -->\r\n\r\n<\/div><\/div>\n<\/div><\/div>\n<\/div>\n<\/div>\n<\/div>\n<\/div>\n<\/div>\n\n","protected":false},"excerpt":{"rendered":"","protected":false},"author":1,"featured_media":0,"parent":0,"menu_order":0,"comment_status":"closed","ping_status":"closed","template":"","meta":[],"yoast_head":"<!-- This site is optimized with the Yoast SEO plugin v18.6 - https:\/\/yoast.com\/wordpress\/plugins\/seo\/ -->\n<title>NE OKUYORUM ? - neslihanstamboli<\/title>\n<meta name=\"robots\" content=\"index, follow, max-snippet:-1, max-image-preview:large, max-video-preview:-1\" \/>\n<link rel=\"canonical\" href=\"https:\/\/www.neslihanstamboli.com\/index.php\/ne-okuyorum\/\" \/>\n<meta property=\"og:locale\" content=\"tr_TR\" \/>\n<meta property=\"og:type\" content=\"article\" \/>\n<meta property=\"og:title\" content=\"NE OKUYORUM ? - neslihanstamboli\" \/>\n<meta property=\"og:url\" content=\"https:\/\/www.neslihanstamboli.com\/index.php\/ne-okuyorum\/\" \/>\n<meta property=\"og:site_name\" content=\"neslihanstamboli\" \/>\n<meta property=\"article:modified_time\" content=\"2022-06-12T23:48:46+00:00\" \/>\n<meta name=\"twitter:card\" content=\"summary_large_image\" \/>\n<script type=\"application\/ld+json\" class=\"yoast-schema-graph\">{\"@context\":\"https:\/\/schema.org\",\"@graph\":[{\"@type\":\"WebSite\",\"@id\":\"https:\/\/www.neslihanstamboli.com\/#website\",\"url\":\"https:\/\/www.neslihanstamboli.com\/\",\"name\":\"neslihanstamboli\",\"description\":\"edebiyat a\u015f\u0131\u011f\u0131, okur, yazar, &ccedil;izer\",\"potentialAction\":[{\"@type\":\"SearchAction\",\"target\":{\"@type\":\"EntryPoint\",\"urlTemplate\":\"https:\/\/www.neslihanstamboli.com\/?s={search_term_string}\"},\"query-input\":\"required name=search_term_string\"}],\"inLanguage\":\"tr\"},{\"@type\":\"WebPage\",\"@id\":\"https:\/\/www.neslihanstamboli.com\/index.php\/ne-okuyorum\/#webpage\",\"url\":\"https:\/\/www.neslihanstamboli.com\/index.php\/ne-okuyorum\/\",\"name\":\"NE OKUYORUM ? - neslihanstamboli\",\"isPartOf\":{\"@id\":\"https:\/\/www.neslihanstamboli.com\/#website\"},\"datePublished\":\"2018-04-17T14:17:06+00:00\",\"dateModified\":\"2022-06-12T23:48:46+00:00\",\"breadcrumb\":{\"@id\":\"https:\/\/www.neslihanstamboli.com\/index.php\/ne-okuyorum\/#breadcrumb\"},\"inLanguage\":\"tr\",\"potentialAction\":[{\"@type\":\"ReadAction\",\"target\":[\"https:\/\/www.neslihanstamboli.com\/index.php\/ne-okuyorum\/\"]}]},{\"@type\":\"BreadcrumbList\",\"@id\":\"https:\/\/www.neslihanstamboli.com\/index.php\/ne-okuyorum\/#breadcrumb\",\"itemListElement\":[{\"@type\":\"ListItem\",\"position\":1,\"name\":\"Anasayfa\",\"item\":\"https:\/\/www.neslihanstamboli.com\/\"},{\"@type\":\"ListItem\",\"position\":2,\"name\":\"NE OKUYORUM ?\"}]}]}<\/script>\n<!-- \/ Yoast SEO plugin. -->","yoast_head_json":{"title":"NE OKUYORUM ? - neslihanstamboli","robots":{"index":"index","follow":"follow","max-snippet":"max-snippet:-1","max-image-preview":"max-image-preview:large","max-video-preview":"max-video-preview:-1"},"canonical":"https:\/\/www.neslihanstamboli.com\/index.php\/ne-okuyorum\/","og_locale":"tr_TR","og_type":"article","og_title":"NE OKUYORUM ? - neslihanstamboli","og_url":"https:\/\/www.neslihanstamboli.com\/index.php\/ne-okuyorum\/","og_site_name":"neslihanstamboli","article_modified_time":"2022-06-12T23:48:46+00:00","twitter_card":"summary_large_image","schema":{"@context":"https:\/\/schema.org","@graph":[{"@type":"WebSite","@id":"https:\/\/www.neslihanstamboli.com\/#website","url":"https:\/\/www.neslihanstamboli.com\/","name":"neslihanstamboli","description":"edebiyat a\u015f\u0131\u011f\u0131, okur, yazar, &ccedil;izer","potentialAction":[{"@type":"SearchAction","target":{"@type":"EntryPoint","urlTemplate":"https:\/\/www.neslihanstamboli.com\/?s={search_term_string}"},"query-input":"required name=search_term_string"}],"inLanguage":"tr"},{"@type":"WebPage","@id":"https:\/\/www.neslihanstamboli.com\/index.php\/ne-okuyorum\/#webpage","url":"https:\/\/www.neslihanstamboli.com\/index.php\/ne-okuyorum\/","name":"NE OKUYORUM ? - neslihanstamboli","isPartOf":{"@id":"https:\/\/www.neslihanstamboli.com\/#website"},"datePublished":"2018-04-17T14:17:06+00:00","dateModified":"2022-06-12T23:48:46+00:00","breadcrumb":{"@id":"https:\/\/www.neslihanstamboli.com\/index.php\/ne-okuyorum\/#breadcrumb"},"inLanguage":"tr","potentialAction":[{"@type":"ReadAction","target":["https:\/\/www.neslihanstamboli.com\/index.php\/ne-okuyorum\/"]}]},{"@type":"BreadcrumbList","@id":"https:\/\/www.neslihanstamboli.com\/index.php\/ne-okuyorum\/#breadcrumb","itemListElement":[{"@type":"ListItem","position":1,"name":"Anasayfa","item":"https:\/\/www.neslihanstamboli.com\/"},{"@type":"ListItem","position":2,"name":"NE OKUYORUM ?"}]}]}},"_links":{"self":[{"href":"https:\/\/www.neslihanstamboli.com\/index.php\/wp-json\/wp\/v2\/pages\/14739"}],"collection":[{"href":"https:\/\/www.neslihanstamboli.com\/index.php\/wp-json\/wp\/v2\/pages"}],"about":[{"href":"https:\/\/www.neslihanstamboli.com\/index.php\/wp-json\/wp\/v2\/types\/page"}],"author":[{"embeddable":true,"href":"https:\/\/www.neslihanstamboli.com\/index.php\/wp-json\/wp\/v2\/users\/1"}],"replies":[{"embeddable":true,"href":"https:\/\/www.neslihanstamboli.com\/index.php\/wp-json\/wp\/v2\/comments?post=14739"}],"version-history":[{"count":1,"href":"https:\/\/www.neslihanstamboli.com\/index.php\/wp-json\/wp\/v2\/pages\/14739\/revisions"}],"predecessor-version":[{"id":14741,"href":"https:\/\/www.neslihanstamboli.com\/index.php\/wp-json\/wp\/v2\/pages\/14739\/revisions\/14741"}],"wp:attachment":[{"href":"https:\/\/www.neslihanstamboli.com\/index.php\/wp-json\/wp\/v2\/media?parent=14739"}],"curies":[{"name":"wp","href":"https:\/\/api.w.org\/{rel}","templated":true}]}}